{"id":2628,"date":"2022-09-11T20:20:15","date_gmt":"2022-09-11T20:20:15","guid":{"rendered":"https:\/\/aquamundomexico.com\/index.php\/product\/nutriall-nutts-color-amarillo-120g\/"},"modified":"2022-09-11T21:50:47","modified_gmt":"2022-09-11T21:50:47","slug":"nutriall-nutts-color-amarillo-120g","status":"publish","type":"product","link":"https:\/\/aquamundomexico.com\/index.php\/product\/nutriall-nutts-color-amarillo-120g\/","title":{"rendered":"Nutriall  Nutts Color  Amarillo  120g"},"content":{"rendered":"","protected":false},"excerpt":{"rendered":"<p>Lute\u00edna, prote\u00edna, minerales, amino\u00e1cidos,probi\u00f3tico.<\/p>\n","protected":false},"featured_media":2811,"comment_status":"open","ping_status":"closed","template":"","meta":{"om_disable_all_campaigns":false,"_monsterinsights_skip_tracking":false,"_monsterinsights_sitenote_active":false,"_monsterinsights_sitenote_note":"","_monsterinsights_sitenote_category":0},"product_cat":[22,18],"product_tag":[],"class_list":["post-2628","product","type-product","status-publish","has-post-thumbnail","hentry","product_cat-alimentos-aves","product_cat-aves"],"aioseo_notices":[],"_links":{"self":[{"href":"https:\/\/aquamundomexico.com\/index.php\/wp-json\/wp\/v2\/product\/2628"}],"collection":[{"href":"https:\/\/aquamundomexico.com\/index.php\/wp-json\/wp\/v2\/product"}],"about":[{"href":"https:\/\/aquamundomexico.com\/index.php\/wp-json\/wp\/v2\/types\/product"}],"replies":[{"embeddable":true,"href":"https:\/\/aquamundomexico.com\/index.php\/wp-json\/wp\/v2\/comments?post=2628"}],"version-history":[{"count":2,"href":"https:\/\/aquamundomexico.com\/index.php\/wp-json\/wp\/v2\/product\/2628\/revisions"}],"predecessor-version":[{"id":2812,"href":"https:\/\/aquamundomexico.com\/index.php\/wp-json\/wp\/v2\/product\/2628\/revisions\/2812"}],"wp:featuredmedia":[{"embeddable":true,"href":"https:\/\/aquamundomexico.com\/index.php\/wp-json\/wp\/v2\/media\/2811"}],"wp:attachment":[{"href":"https:\/\/aquamundomexico.com\/index.php\/wp-json\/wp\/v2\/media?parent=2628"}],"wp:term":[{"taxonomy":"product_cat","embeddable":true,"href":"https:\/\/aquamundomexico.com\/index.php\/wp-json\/wp\/v2\/product_cat?post=2628"},{"taxonomy":"product_tag","embeddable":true,"href":"https:\/\/aquamundomexico.com\/index.php\/wp-json\/wp\/v2\/product_tag?post=2628"}],"curies":[{"name":"wp","href":"https:\/\/api.w.org\/{rel}","templated":true}]}}