{"id":2627,"date":"2022-09-11T20:20:15","date_gmt":"2022-09-11T20:20:15","guid":{"rendered":"https:\/\/aquamundomexico.com\/index.php\/product\/nutriall-moltnutts-cambio-de-pluma-120-g\/"},"modified":"2022-09-11T21:52:25","modified_gmt":"2022-09-11T21:52:25","slug":"nutriall-moltnutts-cambio-de-pluma-120-g","status":"publish","type":"product","link":"https:\/\/aquamundomexico.com\/index.php\/product\/nutriall-moltnutts-cambio-de-pluma-120-g\/","title":{"rendered":"Nutriall  Moltnutts Cambio de pluma 120 g"},"content":{"rendered":"","protected":false},"excerpt":{"rendered":"<p>Prote\u00edna, minerales, amino\u00e1cidos, probi\u00f3tico.<\/p>\n","protected":false},"featured_media":2819,"comment_status":"open","ping_status":"closed","template":"","meta":{"om_disable_all_campaigns":false,"_monsterinsights_skip_tracking":false,"_monsterinsights_sitenote_active":false,"_monsterinsights_sitenote_note":"","_monsterinsights_sitenote_category":0},"product_cat":[22,18],"product_tag":[],"class_list":["post-2627","product","type-product","status-publish","has-post-thumbnail","hentry","product_cat-alimentos-aves","product_cat-aves"],"aioseo_notices":[],"_links":{"self":[{"href":"https:\/\/aquamundomexico.com\/index.php\/wp-json\/wp\/v2\/product\/2627"}],"collection":[{"href":"https:\/\/aquamundomexico.com\/index.php\/wp-json\/wp\/v2\/product"}],"about":[{"href":"https:\/\/aquamundomexico.com\/index.php\/wp-json\/wp\/v2\/types\/product"}],"replies":[{"embeddable":true,"href":"https:\/\/aquamundomexico.com\/index.php\/wp-json\/wp\/v2\/comments?post=2627"}],"version-history":[{"count":2,"href":"https:\/\/aquamundomexico.com\/index.php\/wp-json\/wp\/v2\/product\/2627\/revisions"}],"predecessor-version":[{"id":2820,"href":"https:\/\/aquamundomexico.com\/index.php\/wp-json\/wp\/v2\/product\/2627\/revisions\/2820"}],"wp:featuredmedia":[{"embeddable":true,"href":"https:\/\/aquamundomexico.com\/index.php\/wp-json\/wp\/v2\/media\/2819"}],"wp:attachment":[{"href":"https:\/\/aquamundomexico.com\/index.php\/wp-json\/wp\/v2\/media?parent=2627"}],"wp:term":[{"taxonomy":"product_cat","embeddable":true,"href":"https:\/\/aquamundomexico.com\/index.php\/wp-json\/wp\/v2\/product_cat?post=2627"},{"taxonomy":"product_tag","embeddable":true,"href":"https:\/\/aquamundomexico.com\/index.php\/wp-json\/wp\/v2\/product_tag?post=2627"}],"curies":[{"name":"wp","href":"https:\/\/api.w.org\/{rel}","templated":true}]}}