{"id":3,"date":"2022-09-05T23:59:19","date_gmt":"2022-09-05T23:59:19","guid":{"rendered":"https:\/\/aquamundomexico.com\/?page_id=3"},"modified":"2022-09-12T00:53:34","modified_gmt":"2022-09-12T00:53:34","slug":"privacy-policy","status":"publish","type":"page","link":"https:\/\/aquamundomexico.com\/index.php\/privacy-policy\/","title":{"rendered":"Aviso de Privacidad y T\u00e9rminos y Condiciones"},"content":{"rendered":"\t\t<div data-elementor-type=\"wp-page\" data-elementor-id=\"3\" class=\"elementor elementor-3\">\n\t\t\t\t\t\t\t\t\t<section class=\"elementor-section elementor-top-section elementor-element elementor-element-52381886 elementor-section-boxed elementor-section-height-default elementor-section-height-default\" data-id=\"52381886\" data-element_type=\"section\">\n\t\t\t\t\t\t<div class=\"elementor-container elementor-column-gap-default\">\n\t\t\t\t\t<div class=\"elementor-column elementor-col-100 elementor-top-column elementor-element elementor-element-9f7efd7\" data-id=\"9f7efd7\" data-element_type=\"column\">\n\t\t\t<div class=\"elementor-widget-wrap elementor-element-populated\">\n\t\t\t\t\t\t\t\t<div class=\"elementor-element elementor-element-28c02ee3 elementor-widget elementor-widget-text-editor\" data-id=\"28c02ee3\" data-element_type=\"widget\" data-widget_type=\"text-editor.default\">\n\t\t\t\t<div class=\"elementor-widget-container\">\n\t\t\t<style>\/*! elementor - v3.7.6 - 15-09-2022 *\/\n.elementor-widget-text-editor.elementor-drop-cap-view-stacked .elementor-drop-cap{background-color:#818a91;color:#fff}.elementor-widget-text-editor.elementor-drop-cap-view-framed .elementor-drop-cap{color:#818a91;border:3px solid;background-color:transparent}.elementor-widget-text-editor:not(.elementor-drop-cap-view-default) .elementor-drop-cap{margin-top:8px}.elementor-widget-text-editor:not(.elementor-drop-cap-view-default) .elementor-drop-cap-letter{width:1em;height:1em}.elementor-widget-text-editor .elementor-drop-cap{float:left;text-align:center;line-height:1;font-size:50px}.elementor-widget-text-editor .elementor-drop-cap-letter{display:inline-block}<\/style>\t\t\t\t<p>AVISO DE PRIVACIDAD<\/p><p>De conformidad con lo establecido en la Ley Federal de Protecci\u00f3n de Datos Personales en Posesi\u00f3n de los Particulares, \u201cAquamundo Mexico\u201d, pone a su disposici\u00f3n en el siguiente aviso de privacidad.<\/p><p>Aquamundo Mexico, con domicilio ubicado en Calle Juan Sarabia 28, Colonia Dos R\u00edos, \u00c1lvaro Obreg\u00f3n, Ciudad de M\u00e9xico; es responsable del uso y protecci\u00f3n de sus datos personales, en este sentido y atendiendo las obligaciones legales establecidas en la Ley Federal de Protecci\u00f3n de Datos Personales en Posesi\u00f3n de los Particulares, a trav\u00e9s de este instrumento se informa a los titulares de los datos, la informaci\u00f3n que de ellos se recaba y los fines que se le dar\u00e1n a dicha informaci\u00f3n.}<\/p><p>1. Los datos personales que recabamos son necesarios para concretar nuestra relaci\u00f3n con usted, as\u00ed como atender lo que solicite.<\/p><p>2. Los datos personales proporcionados s\u00f3lo ser\u00e1n utilizados para el cumplimiento de las finalidades se\u00f1aladas, por lo que se utilizar\u00e1n los siguientes:<\/p><p>\u00b7 Datos de identificaci\u00f3n personal: Nombre Completo, edad, Registro Federal de Contribuyentes, Clave \u00danica de Registro de Poblaci\u00f3n, y en su caso copia de identificaci\u00f3n oficial con fotograf\u00eda.<\/p><p>\u00b7 Datos de contacto: N\u00fameros telef\u00f3nicos fijos o celulares y correos electr\u00f3nicos de \u00edndole particular.<\/p><p>\u00b7 Datos laborales: Carrera o \u00e1rea de trabajo y grado,<\/p><p>\u00b7 Datos sobre identidad de g\u00e9nero: hombre o mujer.<\/p><p>\u00b7 Datos sobre el estado civil: Casado o soltero<\/p><p>En estos tr\u00e1mites no se recabar\u00e1n datos personales sensibles.<\/p><p>3. Transferencia de datos personales<\/p><p>Aquamundo Mexico, le informa que sus datos personales no ser\u00e1n transferidos, difundidos, ni distribuidos salvo lo se\u00f1alado en el art\u00edculo 37 de la Ley Federal de Protecci\u00f3n de Datos Personales en Posesi\u00f3n de los Particulares.<\/p><p>4. Medios y procedimientos para ejercer sus derechos ARCO<\/p><p>Para ejercer sus derechos de acceso, rectificaci\u00f3n, cancelaci\u00f3n y oposici\u00f3n (ARCO), puede acudir personalmente o a trav\u00e9s de su representante, a domicilio de Detalles Hermosos o bien hacerlo por v\u00eda electr\u00f3nica, donde puede presentar una solicitud para el ejercicio de los derechos ARCO.<\/p><p>El ejercicio de este derecho es gratuito, sin embargo, en algunos casos podr\u00e1n realizarse cobros para recuperar los costos de reproducci\u00f3n, certificaci\u00f3n o env\u00edo.<\/p><p>Los requisitos que se necesitan para realizar una solicitud para el ejercicio de sus derechos ARCO son los siguientes:<\/p><p>\u00b7 El nombre completo en su car\u00e1cter de titular, as\u00ed como su domicilio o cualquier otro medio para recibir notificaciones;<\/p><p>\u00b7 Los documentos que acrediten su identidad como el titular y, en su caso, la personalidad e identidad de su representante;<\/p><p>\u00b7 La descripci\u00f3n clara y precisa de los datos personales respecto de los que se busca ejercer alguno de los derechos ARCO, salvo que se trate del derecho de acceso, de ser posible, el \u00e1rea responsable que trata los datos personales y ante el cual se presenta la solicitud;<\/p><p>\u00b7 La descripci\u00f3n del derecho ARCO que se pretenda ejercer, o bien, lo que solicita el titular.<\/p><p>\u00b7 Cualquier otro elemento o documento que facilite la localizaci\u00f3n de los datos personales, en su caso.<\/p><p>Para el caso, de que solicite el acceso a sus datos personales, deber\u00e1 se\u00f1alar la modalidad en la que prefiere que se reproduzcan los datos personales.<\/p><p>5. Tratamiento de Datos Personales Sensibles.<\/p><p>\u201cAquamundo Mexico\u201d no recaba o trata datos personales sensibles de sus clientes, establecidos en el art\u00edculo 3, fracci\u00f3n VI de la Ley Federal de Protecci\u00f3n de Datos Personales en Posesi\u00f3n de los Particulares, tales como datos que puedan revelar aspectos como origen racial o \u00e9tnico, estado de salud presente y futuro, informaci\u00f3n gen\u00e9tica, creencias religiosas, filos\u00f3ficas y morales, afiliaci\u00f3n sindical, opiniones pol\u00edticas, preferencia sexual.<\/p><p>Para el supuesto, que \u201cAquamundo Mexico\u201d llegase a tener en su posici\u00f3n alg\u00fan tipo de Datos Personal Sensible, se tendr\u00e1 especial cuidado con su tratamiento y resguardo<\/p><p>6. Cambios al aviso de privacidad.<\/p><p>Aquamundo Mexico, se reserva el derecho de efectuar en cualquier momento modificaciones, cambios o actualizaciones al presente aviso de privacidad en cumplimiento de las reformas o cambios legales, jurisprudencias y pol\u00edticas. No obstante, se compromete a mantenerlo informado sobre cualquier cambio que pudiera sufrir el presente Aviso.<\/p><p>7. Consentimiento del Titular.<\/p><p>Para efectos de lo dispuesto en la Ley Federal de Protecci\u00f3n de Datos Personales en Posesi\u00f3n de los Particulares y dem\u00e1s legislaci\u00f3n vigente aplicable a la materia, el Titular manifiesta que el presente Aviso de Privacidad se le hadado a conocer por \u201cAquamundo Mexico\u201d, adem\u00e1s de haber le\u00eddo y acordado los t\u00e9rminos expuestos en este Aviso de Privacidad.<\/p><p>El Titular otorga su consentimiento respecto del tratamiento de sus Datos Personales.<\/p><p>Fecha de la \u00faltima actualizaci\u00f3n 16 de agosto de 2021<\/p><p class=\"has-text-align-center\"><strong>T\u00c9RMINOS Y CONDICIONES<\/strong><\/p><p>El presente documento contiene los T\u00e9rminos y Condiciones bajo las que opera el sitio web de \u201cAquamundo Mexico\u201d, con respecto del uso e interacci\u00f3n que usted tenga con el sitio web, otorgando una expresa aceptaci\u00f3n de los mismos.<\/p><p>Aquamundo Mexico, se reserva el derecho de modificar en cualquier momento los presentes T\u00e9rminos y Condiciones, surtiendo efectos desde el momento en que sean actualizados, por lo que recomendamos a usted al ingresar y antes de realizar una compra, verifique peri\u00f3dicamente estos t\u00e9rminos y condiciones.<\/p><p>\u00a7 GENERALES<\/p><p>Titular: La empresa se denominar\u00e1 para efectos del presente como \u201cAquamundo Mexico\u201d, misma que fue constituida en t\u00e9rminos del art\u00edculo segundo, p\u00e1rrafo tercero de la Ley General de Sociedades Mercantiles.<\/p><p>Domicilio: Aquamundo Mexico se\u00f1ala como domicilio para todos los efectos legales del presente instrumento, el ubicado en Calle Juan Sarabia 28, Colonia Dos R\u00edos, \u00c1lvaro Obreg\u00f3n, Ciudad de M\u00e9xico, misma que funge como vendedora y\/o intermediaria de los productos y servicios que usted de ser el caso decida adquirir.<\/p><p>Nombre: Aquamundo Mexico<\/p><p>Objetivo: El objetivo de nuestra empresa es brindar a nuestros clientes una variedad de productos para mascota y otra gran variedad de art\u00edculos y todos a un precio de mayorista y menudista.<\/p><p>Meta: Nuestra meta es que nuestros clientes tengan acceso a productos de excelente calidad y a excelentes precios sin necesidad de un m\u00ednimo de compra, dem\u00e1s ofrecer a nuestros clientes la oportunidad de formar parte de nuestro equipo al vender nuestros productos.<\/p><p>Misi\u00f3n: Nuestra misi\u00f3n es mantener a nuestros clientes satisfechos en cuanto a los productos que comercializamos, brind\u00e1ndoles la mejor atenci\u00f3n posible desde el momento en que deciden comprar nuestros productos hasta que lo tienen en sus manos y se encuentran satisfechos con estos.<\/p><p>\u00a7 DECLARACIONES<\/p><p>Usted declara bajo protesta de decir verdad, compareciendo por propio derecho, independientemente de su nacionalidad o procedencia, que es una persona f\u00edsica o moral, mayor de dieciocho a\u00f1os, y con la capacidad econ\u00f3mica para obligarse bajo los presentes T\u00e9rminos y Condiciones, as\u00ed como con inter\u00e9s en adquirir los productos o servicios que bajo la figura legal de la intermediaci\u00f3n usted adquiere y que aqu\u00ed se especifican.<\/p><p>\u00a7 USO DEL SITIO WEB<\/p><p>Aquamundo Mexico, le otorga una licencia temporal, limitada, intransferible y revocable, para usar este \u201cSitio\u201d de acuerdo con los presentes T\u00e9rminos y Condiciones. Usted debe usar este sitio solamente para realizar la compra de productos, y no lo podr\u00e1 usar para ning\u00fan otro prop\u00f3sito, ni hacer alguna acci\u00f3n especulativa, falsa o fraudulenta, de lo contrario ser\u00e1 responsable de las conductas t\u00edpicas y antijuridicas reprochables en la legislaci\u00f3n mexicana vigente, aceptando la jurisdicci\u00f3n del Poder Judicial de la Federaci\u00f3n y\/o Poder Judicial de la Ciudad de M\u00e9xico.<\/p><p>\u00a7 TERMINACI\u00d3N<\/p><p>Aquamundo Mexico, podr\u00e1 dar por terminado estos t\u00e9rminos y condiciones y\/o cualquiera de sus servicios en cualquier momento sin necesidad de notificarle, por cualquier causa o motivo. Dicha terminaci\u00f3n no afectar\u00e1 ning\u00fan derecho u obligaci\u00f3n contra\u00edda de manera rec\u00edproca de los servicios previamente acordados.<\/p><p>\u00a7 PRIVACIDAD Y SEGURIDAD<\/p><p>Aquamundo Mexico le recuerda que usted cuenta con derechos de privacidad respecto de los datos personales que nos proporciona, es por ello que se les brinda un tratamiento especial, el cual le invitamos a consultar en nuestro Aviso de Privacidad en el sitio web oficial.<\/p><p>\u00a7 USUARIOS<\/p><p>Los usuarios se obligan a responder por los da\u00f1os que pudieran llegar a generar al Sitio, as\u00ed como a los productos; resultado de su uso incorrecto, as\u00ed como de cualquier operaci\u00f3n fraudulenta o con fines contrarios a los servicios prestados por el sitio web o aquellos que vayan en contra de las leyes y reglamentos vigentes y aplicables en la Rep\u00fablica Mexicana.<\/p><p>\u00a7 APLICACI\u00d3N DE GARANTIAS<\/p><p>Nuestros productos est\u00e1n cubiertos por una garant\u00eda proporcionada por el proveedor o fabricante, seg\u00fan sea el caso; por ellos pone a su disposici\u00f3n el procedimiento y las pol\u00edticas espec\u00edficas para el caso en concreto:<\/p><p>Compra: Para poder realizar una compra por medio del sitio web de Aquamundo Mexico, el usuario deber\u00e1 registrase con una direcci\u00f3n de correo electr\u00f3nico, a la cual le llegar\u00e1 un correo con una contrase\u00f1a generada por el sistema que le permitir\u00e1 posteriormente ingresar al sitio en donde podr\u00e1 personalizar dicha contrase\u00f1a y realizar las compras as\u00ed deseadas.<\/p><p>Para poder realizar compras el usuario deber\u00e1 ser mayor de edad, as\u00ed como aceptar los t\u00e9rminos y condiciones estipulados por Aquamundo Mexico.<\/p><p>Env\u00edo: En Aquamundo Mexico nos importan muchos nuestros clientes, por ello contamos con env\u00edos a nivel nacional y excelentes precios, as\u00ed como dentro de la CDMX y el \u00c1rea Metropolitana.<\/p><p>\u00ae Interior de la Rep\u00fablica \u00ae FedEx, Estafeta, Red Pack $150.00 MXN \u00ae Hasta 5 kilos<\/p><p>(Kilo adiciona $19.50 MXN)<\/p><p>\u00ae CDMX y \u00c1rea Metropolitana \u00ae *Estafeta, Fedex, Paqueteria Express, Red Pack $150.00 MXN<\/p><p>*aplica \u00fanicamente si existe cobertura en tu C\u00f3digo Postal)<\/p><p>Una vez que est\u00e1 confirmado tu dep\u00f3sito, el env\u00edo entra a proceso de empaquetado, si tu deposito lo realizaste antes de las 12 del d\u00eda tu envi\u00f3 sale el mismo d\u00eda, si lo realizaste despu\u00e9s de las 12 del d\u00eda tu env\u00edo sale al d\u00eda h\u00e1bil siguiente.<\/p><p>Descuentos: Aquamundo Mexico ofrece descuentos adicionales a clientes mayoristas ya con historial de compras.<\/p><p>El descuento adicional va desde el 5% al 40% de descuento.<\/p><p>Si cuentas con historial de compras en Aquamundo Mexico realiza tu solicitud de descuento adicional al WhatsApp 55-2864-2449<\/p><p>Devoluciones: En Aquamundo Mexico nos interesa y nos preocupan nuestros clientes y lo satisfechos que se encuentren con nuestros servicios, es por eso, que ponemos a su disposici\u00f3n el proceso de devoluci\u00f3n en caso de que alguno de los productos adquiridos por nuestros clientes presente alg\u00fan imperfecto o da\u00f1o de f\u00e1brica.<\/p><p>PROCESO:<\/p><p>1. Una vez que ha recibido el paquete verifique que la envoltura en la que le fue entregado se encuentre en buen estado, de no ser as\u00ed tome foto de los imperfectos presentados.<\/p><p>2. Si su paquete se encuentra aparentemente en buen estado, pero al abrirlo presenta alg\u00fan da\u00f1o, o no es lo que solicitaste, deber\u00e1 enviar un WhatsApp o correo a la empresa, en donde se le indicar\u00e1 que lo empaque de nuevo y lo reenv\u00ede al domicilio de la empresa, en donde se le asignar\u00e1 un FOLIO de seguimiento.<\/p><p>3. Una vez que recibamos tu paquete, se har\u00e1 una revisi\u00f3n de 2 a 3 d\u00edas, en las que se determinar\u00e1 el estado del producto.<\/p><p>4. Finalmente, nuestro equipo lo contactar\u00e1 y le har\u00e1 saber si la devoluci\u00f3n de su producto procede o no, y de ser el caso se le dejar\u00e1 a su disposici\u00f3n en el domicilio de Aquamundo Mexico, ubicado en Calle Juan Sarabia 28, Colonia Dos R\u00edos, \u00c1lvaro Obreg\u00f3n, Ciudad de M\u00e9xico.<\/p><p>\u00a7 DESLINDE DE RESPONSABILIDADES<\/p><p>Aquamundo Mexico al ser una comercializadora facilita a trav\u00e9s de su plataforma digital la obtenci\u00f3n de diversos productos, por lo que se deslinda de cualquier responsabilidad que pusiese generar el producto en cuanto a la calidad de f\u00e1brica.<\/p><p>\u00a7 EJECUCI\u00d3N Y JURISDICCI\u00d3N<\/p><p>Los presentes T\u00e9rminos y Condiciones se constituyen y rigen bajo la Norma Mexicana, siendo aplicable su ejecuci\u00f3n la Ley General de Sociedades Mercantiles.<\/p><p>Los t\u00e9rminos y Condiciones antes mencionados se reconocen irrenunciablemente por Usted, como declaratoria voluntaria en someterse al tenor literal del presente, en caso de presentarse controversia alguna, siempre agotando la instancia conciliadora privada, y de no encontrar resoluci\u00f3n, Usted someterse a la competencia jurisdiccional de los Tribunales localizados en la Ciudad de M\u00e9xico.<\/p><p>\u00a7 VIGENCIA DE T\u00c9RMINOS Y CONDICIONES<\/p><p>Aquamundo Mexico se reserva el derecho de efectuar alteraciones al presente documento sin necesidad de previo aviso. Por lo anterior se recomienda al Usuario que vuelva a leer con regularidad este documento, de forma que se mantenga siempre informado sobre eventuales modificaciones. Las alteraciones al Contrato se volver\u00e1n efectivas inmediatamente despu\u00e9s de su publicaci\u00f3n en el Sitio.<\/p><p>Una vez realizadas las modificaciones, se presumir\u00e1 que el Usuario que contin\u00fae usando el Sitio tendr\u00e1 pleno conocimiento, habr\u00e1 le\u00eddo y consentido los T\u00e9rminos y Condiciones reformados<\/p>\t\t\t\t\t\t<\/div>\n\t\t\t\t<\/div>\n\t\t\t\t\t<\/div>\n\t\t<\/div>\n\t\t\t\t\t\t\t<\/div>\n\t\t<\/section>\n\t\t\t\t\t\t\t<\/div>\n\t\t","protected":false},"excerpt":{"rendered":"<p>AVISO DE PRIVACIDAD De conformidad con lo establecido en la Ley Federal de Protecci\u00f3n de Datos Personales en Posesi\u00f3n de los Particulares, \u201cAquamundo Mexico\u201d, pone a su disposici\u00f3n en el siguiente aviso de privacidad. Aquamundo Mexico, con domicilio ubicado en Calle Juan Sarabia 28, Colonia Dos R\u00edos, \u00c1lvaro Obreg\u00f3n, Ciudad de M\u00e9xico; es responsable del [&hellip;]<\/p>\n","protected":false},"author":1,"featured_media":0,"parent":0,"menu_order":0,"comment_status":"closed","ping_status":"closed","template":"","meta":{"om_disable_all_campaigns":false,"_monsterinsights_skip_tracking":false,"_monsterinsights_sitenote_active":false,"_monsterinsights_sitenote_note":"","_monsterinsights_sitenote_category":0,"footnotes":""},"class_list":["post-3","page","type-page","status-publish","hentry"],"aioseo_notices":[],"_links":{"self":[{"href":"https:\/\/aquamundomexico.com\/index.php\/wp-json\/wp\/v2\/pages\/3"}],"collection":[{"href":"https:\/\/aquamundomexico.com\/index.php\/wp-json\/wp\/v2\/pages"}],"about":[{"href":"https:\/\/aquamundomexico.com\/index.php\/wp-json\/wp\/v2\/types\/page"}],"author":[{"embeddable":true,"href":"https:\/\/aquamundomexico.com\/index.php\/wp-json\/wp\/v2\/users\/1"}],"replies":[{"embeddable":true,"href":"https:\/\/aquamundomexico.com\/index.php\/wp-json\/wp\/v2\/comments?post=3"}],"version-history":[{"count":7,"href":"https:\/\/aquamundomexico.com\/index.php\/wp-json\/wp\/v2\/pages\/3\/revisions"}],"predecessor-version":[{"id":2911,"href":"https:\/\/aquamundomexico.com\/index.php\/wp-json\/wp\/v2\/pages\/3\/revisions\/2911"}],"wp:attachment":[{"href":"https:\/\/aquamundomexico.com\/index.php\/wp-json\/wp\/v2\/media?parent=3"}],"curies":[{"name":"wp","href":"https:\/\/api.w.org\/{rel}","templated":true}]}}