{"id":2606,"date":"2022-09-11T03:08:45","date_gmt":"2022-09-11T03:08:45","guid":{"rendered":"https:\/\/aquamundomexico.com\/?page_id=2606"},"modified":"2022-09-11T03:28:12","modified_gmt":"2022-09-11T03:28:12","slug":"elementor-2606","status":"publish","type":"page","link":"https:\/\/aquamundomexico.com\/index.php\/elementor-2606\/","title":{"rendered":"Quienes Somos"},"content":{"rendered":"\t\t<div data-elementor-type=\"wp-page\" data-elementor-id=\"2606\" class=\"elementor elementor-2606\">\n\t\t\t\t\t\t\t\t\t<section class=\"elementor-section elementor-top-section elementor-element elementor-element-9ed6f96 elementor-section-boxed elementor-section-height-default elementor-section-height-default\" data-id=\"9ed6f96\" data-element_type=\"section\">\n\t\t\t\t\t\t<div class=\"elementor-container elementor-column-gap-default\">\n\t\t\t\t\t<div class=\"elementor-column elementor-col-100 elementor-top-column elementor-element elementor-element-bb2bd27\" data-id=\"bb2bd27\" data-element_type=\"column\">\n\t\t\t<div class=\"elementor-widget-wrap elementor-element-populated\">\n\t\t\t\t\t\t\t\t<div class=\"elementor-element elementor-element-f7974c1 elementor-arrows-position-inside elementor-pagination-position-outside elementor-widget elementor-widget-image-carousel\" data-id=\"f7974c1\" data-element_type=\"widget\" data-settings=\"{&quot;autoplay_speed&quot;:2000,&quot;navigation&quot;:&quot;both&quot;,&quot;autoplay&quot;:&quot;yes&quot;,&quot;pause_on_hover&quot;:&quot;yes&quot;,&quot;pause_on_interaction&quot;:&quot;yes&quot;,&quot;infinite&quot;:&quot;yes&quot;,&quot;speed&quot;:500}\" data-widget_type=\"image-carousel.default\">\n\t\t\t\t<div class=\"elementor-widget-container\">\n\t\t\t<style>\/*! elementor - v3.7.6 - 15-09-2022 *\/\n.elementor-widget-image-carousel .swiper-container{position:static}.elementor-widget-image-carousel .swiper-container .swiper-slide figure{line-height:inherit}.elementor-widget-image-carousel .swiper-slide{text-align:center}.elementor-image-carousel-wrapper:not(.swiper-container-initialized) .swiper-slide{max-width:calc(100% \/ var(--e-image-carousel-slides-to-show, 3))}<\/style>\t\t<div class=\"elementor-image-carousel-wrapper swiper-container\" dir=\"ltr\">\n\t\t\t<div class=\"elementor-image-carousel swiper-wrapper\">\n\t\t\t\t\t\t\t\t<div class=\"swiper-slide\"><figure class=\"swiper-slide-inner\"><img decoding=\"async\" class=\"swiper-slide-image\" src=\"https:\/\/aquamundomexico.com\/wp-content\/uploads\/2022\/09\/HA219-150x150.png\" alt=\"HA219\" \/><\/figure><\/div><div class=\"swiper-slide\"><figure class=\"swiper-slide-inner\"><img decoding=\"async\" class=\"swiper-slide-image\" src=\"https:\/\/aquamundomexico.com\/wp-content\/uploads\/2022\/09\/HA610-150x150.png\" alt=\"HA610\" \/><\/figure><\/div><div class=\"swiper-slide\"><figure class=\"swiper-slide-inner\"><img decoding=\"async\" class=\"swiper-slide-image\" src=\"https:\/\/aquamundomexico.com\/wp-content\/uploads\/2022\/09\/WhatsApp-Image-2022-09-10-at-11.35.04-AM-150x150.jpeg\" alt=\"WhatsApp Image 2022-09-10 at 11.35.04 AM\" \/><\/figure><\/div><div class=\"swiper-slide\"><figure class=\"swiper-slide-inner\"><img decoding=\"async\" class=\"swiper-slide-image\" src=\"https:\/\/aquamundomexico.com\/wp-content\/uploads\/2022\/09\/WhatsApp-Image-2022-09-10-at-12.52.00-AM-150x150.jpeg\" alt=\"WhatsApp Image 2022-09-10 at 12.52.00 AM\" \/><\/figure><\/div><div class=\"swiper-slide\"><figure class=\"swiper-slide-inner\"><img decoding=\"async\" class=\"swiper-slide-image\" src=\"https:\/\/aquamundomexico.com\/wp-content\/uploads\/2022\/09\/WhatsApp-Image-2022-09-10-at-12.19.42-AM-150x150.jpeg\" alt=\"WhatsApp Image 2022-09-10 at 12.19.42 AM\" \/><\/figure><\/div><div class=\"swiper-slide\"><figure class=\"swiper-slide-inner\"><img decoding=\"async\" class=\"swiper-slide-image\" src=\"https:\/\/aquamundomexico.com\/wp-content\/uploads\/2022\/09\/FL8611-150x150.png\" alt=\"FL8611\" \/><\/figure><\/div><div class=\"swiper-slide\"><figure class=\"swiper-slide-inner\"><img decoding=\"async\" class=\"swiper-slide-image\" src=\"https:\/\/aquamundomexico.com\/wp-content\/uploads\/2022\/09\/WhatsApp-Image-2022-09-09-at-5.36.49-PM-150x150.jpeg\" alt=\"WhatsApp Image 2022-09-09 at 5.36.49 PM\" \/><\/figure><\/div><div class=\"swiper-slide\"><figure class=\"swiper-slide-inner\"><img decoding=\"async\" class=\"swiper-slide-image\" src=\"https:\/\/aquamundomexico.com\/wp-content\/uploads\/2022\/09\/WhatsApp-Image-2022-09-09-at-5.24.13-PM-150x150.jpeg\" alt=\"WhatsApp Image 2022-09-09 at 5.24.13 PM\" \/><\/figure><\/div><div class=\"swiper-slide\"><figure class=\"swiper-slide-inner\"><img decoding=\"async\" class=\"swiper-slide-image\" src=\"https:\/\/aquamundomexico.com\/wp-content\/uploads\/2022\/09\/FL8464-150x150.png\" alt=\"FL8464\" \/><\/figure><\/div><div class=\"swiper-slide\"><figure class=\"swiper-slide-inner\"><img decoding=\"async\" class=\"swiper-slide-image\" src=\"https:\/\/aquamundomexico.com\/wp-content\/uploads\/2022\/09\/HPT2603-150x150.png\" alt=\"HPT2603\" \/><\/figure><\/div><div class=\"swiper-slide\"><figure class=\"swiper-slide-inner\"><img decoding=\"async\" class=\"swiper-slide-image\" src=\"https:\/\/aquamundomexico.com\/wp-content\/uploads\/2022\/09\/MP071102-150x150.png\" alt=\"MP071102\" \/><\/figure><\/div><div class=\"swiper-slide\"><figure class=\"swiper-slide-inner\"><img decoding=\"async\" class=\"swiper-slide-image\" src=\"https:\/\/aquamundomexico.com\/wp-content\/uploads\/2022\/09\/FL3932-150x150.png\" alt=\"FL3932\" \/><\/figure><\/div><div class=\"swiper-slide\"><figure class=\"swiper-slide-inner\"><img decoding=\"async\" class=\"swiper-slide-image\" src=\"https:\/\/aquamundomexico.com\/wp-content\/uploads\/2022\/09\/TE16598-150x150.png\" alt=\"TE16598\" \/><\/figure><\/div><div class=\"swiper-slide\"><figure class=\"swiper-slide-inner\"><img decoding=\"async\" class=\"swiper-slide-image\" src=\"https:\/\/aquamundomexico.com\/wp-content\/uploads\/2022\/09\/D_NQ_NP_889597-MLM46001588465_052021-V-150x150.webp\" alt=\"D_NQ_NP_889597-MLM46001588465_052021-V\" \/><\/figure><\/div><div class=\"swiper-slide\"><figure class=\"swiper-slide-inner\"><img decoding=\"async\" class=\"swiper-slide-image\" src=\"https:\/\/aquamundomexico.com\/wp-content\/uploads\/2022\/09\/WAT015-150x150.png\" alt=\"WAT015\" \/><\/figure><\/div><div class=\"swiper-slide\"><figure class=\"swiper-slide-inner\"><img decoding=\"async\" class=\"swiper-slide-image\" src=\"https:\/\/aquamundomexico.com\/wp-content\/uploads\/2022\/09\/FL1115-150x150.png\" alt=\"FL1115\" \/><\/figure><\/div><div class=\"swiper-slide\"><figure class=\"swiper-slide-inner\"><img decoding=\"async\" class=\"swiper-slide-image\" src=\"https:\/\/aquamundomexico.com\/wp-content\/uploads\/2022\/09\/WhatsApp-Image-2022-09-08-at-6.31.27-PM-150x150.jpeg\" alt=\"WhatsApp Image 2022-09-08 at 6.31.27 PM\" \/><\/figure><\/div><div class=\"swiper-slide\"><figure class=\"swiper-slide-inner\"><img decoding=\"async\" class=\"swiper-slide-image\" src=\"https:\/\/aquamundomexico.com\/wp-content\/uploads\/2022\/09\/WhatsApp-Image-2022-09-08-at-3.49.18-PM-150x150.jpeg\" alt=\"WhatsApp Image 2022-09-08 at 3.49.18 PM\" \/><\/figure><\/div><div class=\"swiper-slide\"><figure class=\"swiper-slide-inner\"><img decoding=\"async\" class=\"swiper-slide-image\" src=\"https:\/\/aquamundomexico.com\/wp-content\/uploads\/2022\/09\/PS1861-150x150.png\" alt=\"PS1861\" \/><\/figure><\/div><div class=\"swiper-slide\"><figure class=\"swiper-slide-inner\"><img decoding=\"async\" class=\"swiper-slide-image\" src=\"https:\/\/aquamundomexico.com\/wp-content\/uploads\/2022\/09\/WhatsApp-Image-2022-09-08-at-3.28.28-PM-150x150.jpeg\" alt=\"WhatsApp Image 2022-09-08 at 3.28.28 PM\" \/><\/figure><\/div><div class=\"swiper-slide\"><figure class=\"swiper-slide-inner\"><img decoding=\"async\" class=\"swiper-slide-image\" src=\"https:\/\/aquamundomexico.com\/wp-content\/uploads\/2022\/09\/WhatsApp-Image-2022-09-08-at-3.27.16-PM-150x150.jpeg\" alt=\"WhatsApp Image 2022-09-08 at 3.27.16 PM\" \/><\/figure><\/div><div class=\"swiper-slide\"><figure class=\"swiper-slide-inner\"><img decoding=\"async\" class=\"swiper-slide-image\" src=\"https:\/\/aquamundomexico.com\/wp-content\/uploads\/2022\/09\/FL3945-150x150.png\" alt=\"FL3945\" \/><\/figure><\/div><div class=\"swiper-slide\"><figure class=\"swiper-slide-inner\"><img decoding=\"async\" class=\"swiper-slide-image\" src=\"https:\/\/aquamundomexico.com\/wp-content\/uploads\/2022\/09\/FL3601-150x150.png\" alt=\"FL3601\" \/><\/figure><\/div><div class=\"swiper-slide\"><figure class=\"swiper-slide-inner\"><img decoding=\"async\" class=\"swiper-slide-image\" src=\"https:\/\/aquamundomexico.com\/wp-content\/uploads\/2022\/09\/WhatsApp-Image-2022-09-08-at-3.10.50-PM-150x150.jpeg\" alt=\"WhatsApp Image 2022-09-08 at 3.10.50 PM\" \/><\/figure><\/div><div class=\"swiper-slide\"><figure class=\"swiper-slide-inner\"><img decoding=\"async\" class=\"swiper-slide-image\" src=\"https:\/\/aquamundomexico.com\/wp-content\/uploads\/2022\/09\/WhatsApp-Image-2022-09-08-at-2.59.48-PM-150x150.jpeg\" alt=\"WhatsApp Image 2022-09-08 at 2.59.48 PM\" \/><\/figure><\/div><div class=\"swiper-slide\"><figure class=\"swiper-slide-inner\"><img decoding=\"async\" class=\"swiper-slide-image\" src=\"https:\/\/aquamundomexico.com\/wp-content\/uploads\/2022\/09\/WhatsApp-Image-2022-09-08-at-3.04.08-PM-150x150.jpeg\" alt=\"WhatsApp Image 2022-09-08 at 3.04.08 PM\" \/><\/figure><\/div><div class=\"swiper-slide\"><figure class=\"swiper-slide-inner\"><img decoding=\"async\" class=\"swiper-slide-image\" src=\"https:\/\/aquamundomexico.com\/wp-content\/uploads\/2022\/09\/ZZ80483-150x150.png\" alt=\"ZZ80483\" \/><\/figure><\/div><div class=\"swiper-slide\"><figure class=\"swiper-slide-inner\"><img decoding=\"async\" class=\"swiper-slide-image\" src=\"https:\/\/aquamundomexico.com\/wp-content\/uploads\/2022\/09\/TX10915-150x150.png\" alt=\"TX10915\" \/><\/figure><\/div><div class=\"swiper-slide\"><figure class=\"swiper-slide-inner\"><img decoding=\"async\" class=\"swiper-slide-image\" src=\"https:\/\/aquamundomexico.com\/wp-content\/uploads\/2022\/09\/WhatsApp-Image-2022-09-08-at-12.19.15-AM-150x150.jpeg\" alt=\"WhatsApp Image 2022-09-08 at 12.19.15 AM\" \/><\/figure><\/div><div class=\"swiper-slide\"><figure class=\"swiper-slide-inner\"><img decoding=\"async\" class=\"swiper-slide-image\" src=\"https:\/\/aquamundomexico.com\/wp-content\/uploads\/2022\/09\/WhatsApp-Image-2022-09-08-at-12.05.21-AM-150x150.jpeg\" alt=\"WhatsApp Image 2022-09-08 at 12.05.21 AM\" \/><\/figure><\/div><div class=\"swiper-slide\"><figure class=\"swiper-slide-inner\"><img decoding=\"async\" class=\"swiper-slide-image\" src=\"https:\/\/aquamundomexico.com\/wp-content\/uploads\/2022\/09\/WhatsApp-Image-2022-09-07-at-11.57.57-PM-150x150.jpeg\" alt=\"WhatsApp Image 2022-09-07 at 11.57.57 PM\" \/><\/figure><\/div><div class=\"swiper-slide\"><figure class=\"swiper-slide-inner\"><img decoding=\"async\" class=\"swiper-slide-image\" src=\"https:\/\/aquamundomexico.com\/wp-content\/uploads\/2022\/09\/WhatsApp-Image-2022-09-07-at-11.59.51-PM-150x150.jpeg\" alt=\"WhatsApp Image 2022-09-07 at 11.59.51 PM\" \/><\/figure><\/div><div class=\"swiper-slide\"><figure class=\"swiper-slide-inner\"><img decoding=\"async\" class=\"swiper-slide-image\" src=\"https:\/\/aquamundomexico.com\/wp-content\/uploads\/2022\/09\/WhatsApp-Image-2022-09-07-at-11.47.01-PM-150x150.jpeg\" alt=\"WhatsApp Image 2022-09-07 at 11.47.01 PM\" \/><\/figure><\/div><div class=\"swiper-slide\"><figure class=\"swiper-slide-inner\"><img decoding=\"async\" class=\"swiper-slide-image\" src=\"https:\/\/aquamundomexico.com\/wp-content\/uploads\/2022\/09\/WhatsApp-Image-2022-09-07-at-11.37.39-PM-150x150.jpeg\" alt=\"WhatsApp Image 2022-09-07 at 11.37.39 PM\" \/><\/figure><\/div><div class=\"swiper-slide\"><figure class=\"swiper-slide-inner\"><img decoding=\"async\" class=\"swiper-slide-image\" src=\"https:\/\/aquamundomexico.com\/wp-content\/uploads\/2022\/09\/FL7901-150x150.png\" alt=\"FL7901\" \/><\/figure><\/div><div class=\"swiper-slide\"><figure class=\"swiper-slide-inner\"><img decoding=\"async\" class=\"swiper-slide-image\" src=\"https:\/\/aquamundomexico.com\/wp-content\/uploads\/2022\/09\/DYM022B-150x150.png\" alt=\"DYM022B\" \/><\/figure><\/div><div class=\"swiper-slide\"><figure class=\"swiper-slide-inner\"><img decoding=\"async\" class=\"swiper-slide-image\" src=\"https:\/\/aquamundomexico.com\/wp-content\/uploads\/2022\/09\/WhatsApp-Image-2022-09-07-at-9.41.21-PM-150x150.jpeg\" alt=\"WhatsApp Image 2022-09-07 at 9.41.21 PM\" \/><\/figure><\/div><div class=\"swiper-slide\"><figure class=\"swiper-slide-inner\"><img decoding=\"async\" class=\"swiper-slide-image\" src=\"https:\/\/aquamundomexico.com\/wp-content\/uploads\/2022\/09\/FL4005-150x150.png\" alt=\"FL4005\" \/><\/figure><\/div><div class=\"swiper-slide\"><figure class=\"swiper-slide-inner\"><img decoding=\"async\" class=\"swiper-slide-image\" src=\"https:\/\/aquamundomexico.com\/wp-content\/uploads\/2022\/09\/WAT450-150x150.png\" alt=\"WAT450\" \/><\/figure><\/div><div class=\"swiper-slide\"><figure class=\"swiper-slide-inner\"><img decoding=\"async\" class=\"swiper-slide-image\" src=\"https:\/\/aquamundomexico.com\/wp-content\/uploads\/2022\/09\/FL4009-150x150.png\" alt=\"FL4009\" \/><\/figure><\/div><div class=\"swiper-slide\"><figure class=\"swiper-slide-inner\"><img decoding=\"async\" class=\"swiper-slide-image\" src=\"https:\/\/aquamundomexico.com\/wp-content\/uploads\/2022\/09\/DYA17-150x150.png\" alt=\"DYA17\" \/><\/figure><\/div><div class=\"swiper-slide\"><figure class=\"swiper-slide-inner\"><img decoding=\"async\" class=\"swiper-slide-image\" src=\"https:\/\/aquamundomexico.com\/wp-content\/uploads\/2022\/09\/DYA19-150x150.png\" alt=\"DYA19\" \/><\/figure><\/div><div class=\"swiper-slide\"><figure class=\"swiper-slide-inner\"><img decoding=\"async\" class=\"swiper-slide-image\" src=\"https:\/\/aquamundomexico.com\/wp-content\/uploads\/2022\/09\/DY700-150x150.png\" alt=\"DY700\" \/><\/figure><\/div><div class=\"swiper-slide\"><figure class=\"swiper-slide-inner\"><img decoding=\"async\" class=\"swiper-slide-image\" src=\"https:\/\/aquamundomexico.com\/wp-content\/uploads\/2022\/09\/FL4012-150x150.png\" alt=\"FL4012\" \/><\/figure><\/div><div class=\"swiper-slide\"><figure class=\"swiper-slide-inner\"><img decoding=\"async\" class=\"swiper-slide-image\" src=\"https:\/\/aquamundomexico.com\/wp-content\/uploads\/2022\/09\/FL4013-150x150.png\" alt=\"FL4013\" \/><\/figure><\/div><div class=\"swiper-slide\"><figure class=\"swiper-slide-inner\"><img decoding=\"async\" class=\"swiper-slide-image\" src=\"https:\/\/aquamundomexico.com\/wp-content\/uploads\/2022\/09\/FL4016-150x150.png\" alt=\"FL4016\" \/><\/figure><\/div><div class=\"swiper-slide\"><figure class=\"swiper-slide-inner\"><img decoding=\"async\" class=\"swiper-slide-image\" src=\"https:\/\/aquamundomexico.com\/wp-content\/uploads\/2022\/09\/FL4015-150x150.png\" alt=\"FL4015\" \/><\/figure><\/div><div class=\"swiper-slide\"><figure class=\"swiper-slide-inner\"><img decoding=\"async\" class=\"swiper-slide-image\" src=\"https:\/\/aquamundomexico.com\/wp-content\/uploads\/2022\/09\/FL4032-150x150.png\" alt=\"FL4032\" \/><\/figure><\/div><div class=\"swiper-slide\"><figure class=\"swiper-slide-inner\"><img decoding=\"async\" class=\"swiper-slide-image\" src=\"https:\/\/aquamundomexico.com\/wp-content\/uploads\/2022\/09\/FL9219-150x150.png\" alt=\"FL9219\" \/><\/figure><\/div><div class=\"swiper-slide\"><figure class=\"swiper-slide-inner\"><img decoding=\"async\" class=\"swiper-slide-image\" src=\"https:\/\/aquamundomexico.com\/wp-content\/uploads\/2022\/09\/FL9233-150x150.png\" alt=\"FL9233\" \/><\/figure><\/div><div class=\"swiper-slide\"><figure class=\"swiper-slide-inner\"><img decoding=\"async\" class=\"swiper-slide-image\" src=\"https:\/\/aquamundomexico.com\/wp-content\/uploads\/2022\/09\/FL9236-150x150.png\" alt=\"FL9236\" \/><\/figure><\/div><div class=\"swiper-slide\"><figure class=\"swiper-slide-inner\"><img decoding=\"async\" class=\"swiper-slide-image\" src=\"https:\/\/aquamundomexico.com\/wp-content\/uploads\/2022\/09\/LOGO-AQUAMUNDO-150x125.jpg\" alt=\"LOGO AQUAMUNDO\" \/><\/figure><\/div>\t\t\t<\/div>\n\t\t\t\t\t\t\t\t\t\t\t\t<div class=\"swiper-pagination\"><\/div>\n\t\t\t\t\t\t\t\t\t\t\t\t\t<div class=\"elementor-swiper-button elementor-swiper-button-prev\">\n\t\t\t\t\t\t<i aria-hidden=\"true\" class=\"eicon-chevron-left\"><\/i>\t\t\t\t\t\t<span class=\"elementor-screen-only\">Previo<\/span>\n\t\t\t\t\t<\/div>\n\t\t\t\t\t<div class=\"elementor-swiper-button elementor-swiper-button-next\">\n\t\t\t\t\t\t<i aria-hidden=\"true\" class=\"eicon-chevron-right\"><\/i>\t\t\t\t\t\t<span class=\"elementor-screen-only\">Siguiente<\/span>\n\t\t\t\t\t<\/div>\n\t\t\t\t\t\t\t\t\t<\/div>\n\t\t\t\t<\/div>\n\t\t\t\t<\/div>\n\t\t\t\t<div class=\"elementor-element elementor-element-31a0cfb elementor-widget elementor-widget-text-editor\" data-id=\"31a0cfb\" data-element_type=\"widget\" data-widget_type=\"text-editor.default\">\n\t\t\t\t<div class=\"elementor-widget-container\">\n\t\t\t<style>\/*! elementor - v3.7.6 - 15-09-2022 *\/\n.elementor-widget-text-editor.elementor-drop-cap-view-stacked .elementor-drop-cap{background-color:#818a91;color:#fff}.elementor-widget-text-editor.elementor-drop-cap-view-framed .elementor-drop-cap{color:#818a91;border:3px solid;background-color:transparent}.elementor-widget-text-editor:not(.elementor-drop-cap-view-default) .elementor-drop-cap{margin-top:8px}.elementor-widget-text-editor:not(.elementor-drop-cap-view-default) .elementor-drop-cap-letter{width:1em;height:1em}.elementor-widget-text-editor .elementor-drop-cap{float:left;text-align:center;line-height:1;font-size:50px}.elementor-widget-text-editor .elementor-drop-cap-letter{display:inline-block}<\/style>\t\t\t\t<p>Hola Nosotros Somos Aquamundo M\u00e9xico<\/p><p>Somos una tienda en linea enfocada a la venta de Alimentos y Accesorios para todo tipo de Mascota.<\/p><p>Nuestro objetivo es brindarles una amplia variedad de productos para sus mascotas a los mejores precios de todo M\u00e9xico.<\/p><p>Contamos con cobertura a nivel nacional y lo mejor de todo es que el envi\u00f3 es GRATIS en compras mayores a 499 pesos.<\/p><p>No dudes en realizar tu pedido, somos una empresa Mexicana con mas de 10 a\u00f1os de experiencia, visita nuestro Facebook para que lo verifiques.<\/p><p>Aceptamos pagos con tarjeta de Credito, Debito,\u00a0 American Express y Vales de despensa.<\/p><p>Estamos a sus Ordenes en nuestro Whats App o bien por medio de nuestro Chat en Vivo.<\/p><p>En algunos c\u00f3digos postales contamos con servicio de pago a contra-entrega y entregas el mismo d\u00eda. *Consulta la cobertura con nuestros agentes de ventas<\/p><p>Tambi\u00e9n contamos con venta al mayoreo para todos nuestros amigos que cuenten con negocio establecido, solo tienen que llenar los campos de la secci\u00f3n de registro de mayoristas y con mucho gusto uno de nuestros agentes de ventas les estar\u00e1 dando seguimiento a su petici\u00f3n de registro. Mexica<\/p>\t\t\t\t\t\t<\/div>\n\t\t\t\t<\/div>\n\t\t\t\t\t<\/div>\n\t\t<\/div>\n\t\t\t\t\t\t\t<\/div>\n\t\t<\/section>\n\t\t\t\t\t\t\t<\/div>\n\t\t","protected":false},"excerpt":{"rendered":"<p>Previo Siguiente Hola Nosotros Somos Aquamundo M\u00e9xico Somos una tienda en linea enfocada a la venta de Alimentos y Accesorios para todo tipo de Mascota. Nuestro objetivo es brindarles una amplia variedad de productos para sus mascotas a los mejores precios de todo M\u00e9xico. Contamos con cobertura a nivel nacional y lo mejor de todo [&hellip;]<\/p>\n","protected":false},"author":1,"featured_media":0,"parent":0,"menu_order":0,"comment_status":"closed","ping_status":"closed","template":"","meta":{"om_disable_all_campaigns":false,"_monsterinsights_skip_tracking":false,"_monsterinsights_sitenote_active":false,"_monsterinsights_sitenote_note":"","_monsterinsights_sitenote_category":0,"footnotes":""},"class_list":["post-2606","page","type-page","status-publish","hentry"],"aioseo_notices":[],"_links":{"self":[{"href":"https:\/\/aquamundomexico.com\/index.php\/wp-json\/wp\/v2\/pages\/2606"}],"collection":[{"href":"https:\/\/aquamundomexico.com\/index.php\/wp-json\/wp\/v2\/pages"}],"about":[{"href":"https:\/\/aquamundomexico.com\/index.php\/wp-json\/wp\/v2\/types\/page"}],"author":[{"embeddable":true,"href":"https:\/\/aquamundomexico.com\/index.php\/wp-json\/wp\/v2\/users\/1"}],"replies":[{"embeddable":true,"href":"https:\/\/aquamundomexico.com\/index.php\/wp-json\/wp\/v2\/comments?post=2606"}],"version-history":[{"count":14,"href":"https:\/\/aquamundomexico.com\/index.php\/wp-json\/wp\/v2\/pages\/2606\/revisions"}],"predecessor-version":[{"id":2622,"href":"https:\/\/aquamundomexico.com\/index.php\/wp-json\/wp\/v2\/pages\/2606\/revisions\/2622"}],"wp:attachment":[{"href":"https:\/\/aquamundomexico.com\/index.php\/wp-json\/wp\/v2\/media?parent=2606"}],"curies":[{"name":"wp","href":"https:\/\/api.w.org\/{rel}","templated":true}]}}